{"id":4753,"date":"2024-10-09T18:38:51","date_gmt":"2024-10-09T16:38:51","guid":{"rendered":"https:\/\/www.ezdo.fr\/?page_id=4753"},"modified":"2024-11-27T17:09:42","modified_gmt":"2024-11-27T16:09:42","slug":"mentions-legales-2","status":"publish","type":"page","link":"https:\/\/www.ezdo.fr\/en\/mentions-legales-2\/","title":{"rendered":"Legal notices"},"content":{"rendered":"<div class=\"fusion-fullwidth fullwidth-box fusion-builder-row-1 fusion-flex-container has-pattern-background has-mask-background nonhundred-percent-fullwidth non-hundred-percent-height-scrolling\" style=\"--awb-border-radius-top-left:0px;--awb-border-radius-top-right:0px;--awb-border-radius-bottom-right:0px;--awb-border-radius-bottom-left:0px;--awb-flex-wrap:wrap;\" ><div class=\"fusion-builder-row fusion-row fusion-flex-align-items-flex-start fusion-flex-content-wrap\" style=\"max-width:1248px;margin-left: calc(-4% \/ 2 );margin-right: calc(-4% \/ 2 );\"><div class=\"fusion-layout-column fusion_builder_column fusion-builder-column-0 fusion_builder_column_1_1 1_1 fusion-flex-column\" style=\"--awb-bg-size:cover;--awb-width-large:100%;--awb-margin-top-large:0px;--awb-spacing-right-large:1.92%;--awb-margin-bottom-large:0px;--awb-spacing-left-large:1.92%;--awb-width-medium:100%;--awb-order-medium:0;--awb-spacing-right-medium:1.92%;--awb-spacing-left-medium:1.92%;--awb-width-small:100%;--awb-order-small:0;--awb-spacing-right-small:1.92%;--awb-spacing-left-small:1.92%;\"><div class=\"fusion-column-wrapper fusion-column-has-shadow fusion-flex-justify-content-flex-start fusion-content-layout-column\"><div class=\"fusion-text fusion-text-1\" style=\"--awb-text-transform:none;\"><p><strong><span style=\"font-size: 45px; line-height: 49px; letter-spacing: 0px;\" data-fusion-font=\"true\">Legal notices<\/span><\/strong><br \/><strong><span style=\"font-size: 45px; line-height: 49px; letter-spacing: 0px;\" data-fusion-font=\"true\">and terms of use <\/span><\/strong><br \/><strong><span style=\"font-size: 45px; line-height: 49px; letter-spacing: 0px;\" data-fusion-font=\"true\">of the site: : www.ezdo.fr<\/span><\/strong><\/p>\n<h4><strong>ARTICLE 1. INFORMATIONS L\u00c9GALES<\/strong><\/h4>\n<p>En vertu de l\u2019article 6 de la Loi n\u00b0 2004-575 du 21 juin 2004 pour la confiance dans l\u2019\u00e9conomie num\u00e9rique, il est pr\u00e9cis\u00e9 dans cet article l\u2019identit\u00e9 des diff\u00e9rents intervenants dans le cadre de sa r\u00e9alisation et de son suivi.<\/p>\n<ul>\n<li>Le site : www.ezdo.fr, ci-apr\u00e8s appel\u00e9 le \u00ab\u2009site\u2009\u00bb.<\/li>\n<li>L\u2019adresse web du site est : Adresse web <a href=\"https:\/\/www.ezdo.fr\/\">https:\/\/www.ezdo.fr\/<\/a>.<\/li>\n<li>Le propri\u00e9taire du site, ci-apr\u00e8s appel\u00e9 : le \u00ab\u2009propri\u00e9taire\u2009\u00bb est : <strong>Bertrand LHERMITE<\/strong> dont le si\u00e8ge social est \u00e9tabli au <strong>39 Rue Saint-Simon 69009 Lyon<\/strong><\/li>\n<li><strong>T\u00e9l : +33 (0)4 78 64 46 56 <\/strong><strong>&#8211; SIRET : <\/strong>43826152100027<\/li>\n<li>Le directeur de publication du site, ci-apr\u00e8s appel\u00e9 le \u00ab\u2009directeur\u2009\u00bb est :<br \/><strong>Bertrand LHERMITE<\/strong><\/li>\n<li>Adresse e-mail du directeur : <a href=\"mailto:blhermite@ezdo.fr\">blhermite@ezdo.fr<\/a><\/li>\n<\/ul>\n<p><strong>Le site est \u00e9dit\u00e9 par l\u2019\u00e9diteur du site :<br \/>EZDO<\/strong>, ci-apr\u00e8s appel\u00e9 l\u2019\u00ab\u2009\u00e9diteur\u2009\u00bb.<br \/><strong>39 Rue Saint-Simon 69009 Lyon<\/strong><br \/><strong>SIRET :<br \/><\/strong><strong>N\u00b0 d&#8217;agr\u00e9ment :<br \/>T\u00e9l : +33 (0)4 78 64 46 56 &#8211;<br \/><\/strong>Adresse e-mail du directeur : <a href=\"mailto:blhermite@ezdo.fr\">blhermite@ezdo.fr<\/a><\/p>\n<p><strong>Le site est d\u00e9velopp\u00e9 et maintenu par :<br \/>3LIE<\/strong>, dont le si\u00e8ge est situ\u00e9 \u00e0 l\u2019adresse ci-apr\u00e8s :<br \/>117 cours Gambetta 69003 Lyon \u2013 France.<br \/>Site Web : <a href=\"http:\/\/www.jamhoury.fr\/\">www.jamhoury.fr<\/a><\/p>\n<p><b>Le site est h\u00e9berg\u00e9 par :<br \/><\/b><span style=\"color: var(--awb-text-color); font-family: var(--awb-text-font-family); font-size: var(--awb-font-size); font-style: var(--awb-text-font-style); letter-spacing: var(--awb-letter-spacing); text-align: var(--awb-content-alignment); text-transform: var(--awb-text-transform); background-color: var(--awb-bg-color-hover);\"><b>OVH<\/b><\/span><span style=\"color: var(--awb-text-color); font-family: var(--awb-text-font-family); font-size: var(--awb-font-size); font-style: var(--awb-text-font-style); font-weight: var(--awb-text-font-weight); letter-spacing: var(--awb-letter-spacing); text-align: var(--awb-content-alignment); text-transform: var(--awb-text-transform); background-color: var(--awb-bg-color-hover);\">, dont le si\u00e8ge est situ\u00e9 \u00e0 l&#8217;adresse ci-apr\u00e8s:<br \/><\/span><span style=\"color: var(--awb-text-color); font-family: var(--awb-text-font-family); font-size: var(--awb-font-size); font-style: var(--awb-text-font-style); font-weight: var(--awb-text-font-weight); letter-spacing: var(--awb-letter-spacing); text-align: var(--awb-content-alignment); text-transform: var(--awb-text-transform); background-color: var(--awb-bg-color);\">2 rue Kellermann \u2013 59100 Roubaix \u2013 France<br \/><\/span><span style=\"color: var(--awb-text-color); font-family: var(--awb-text-font-family); font-size: var(--awb-font-size); font-style: var(--awb-text-font-style); font-weight: var(--awb-text-font-weight); letter-spacing: var(--awb-letter-spacing); text-align: var(--awb-content-alignment); text-transform: var(--awb-text-transform); background-color: var(--awb-bg-color);\">Contact: +33 (0)1 85 54 00 00<br \/><\/span><\/p>\n<h4><strong>ARTICLE 2. CONTACT<\/strong><\/h4>\n<p>Pour toute question ou demande d\u2019information concernant le site, ou tout signalement de contenu ou d\u2019activit\u00e9s illicites, l\u2019utilisateur peut contacter l\u2019\u00e9diteur \u00e0 l\u2019adresse e-mail.<\/p>\n<p>ou adresser un courrier recommand\u00e9 avec accus\u00e9 de r\u00e9ception \u00e0 l\u2019adresse courrier de l\u2019\u00e9diteur du site.<\/p>\n<h4><strong>ARTICLE 3. ACCEPTATION DES CONDITIONS D\u2019UTILISATION<\/strong><\/h4>\n<p>L\u2019acc\u00e8s et l\u2019utilisation du site sont soumis \u00e0 l\u2019acceptation et au respect des pr\u00e9sentes Conditions G\u00e9n\u00e9rales d\u2019Utilisation.<\/p>\n<p>L\u2019\u00e9diteur se r\u00e9serve le droit de modifier, \u00e0 tout moment et sans pr\u00e9avis, le site et des services ainsi que les pr\u00e9sentes CGU, notamment pour s\u2019adapter aux \u00e9volutions du site par la mise \u00e0 disposition de nouvelles fonctionnalit\u00e9s ou la suppression ou la modification de fonctionnalit\u00e9s existantes.<\/p>\n<p>Il est donc conseill\u00e9 \u00e0 l\u2019utilisateur de se r\u00e9f\u00e9rer avant toute navigation \u00e0 la derni\u00e8re version des CGU, accessible \u00e0 tout moment sur le site. En cas de d\u00e9saccord avec les CGU, aucun usage du site ne saurait \u00eatre effectu\u00e9 par l\u2019utilisateur.<\/p>\n<h4><strong>ARTICLE 4. ACC\u00c8S ET NAVIGATION<\/strong><\/h4>\n<p>L\u2019\u00e9diteur met en \u0153uvre les solutions techniques \u00e0 sa disposition pour permettre l\u2019acc\u00e8s au site 24 heures sur 24, 7 jours sur 7. Il pourra n\u00e9anmoins \u00e0 tout moment suspendre, limiter ou interrompre l\u2019acc\u00e8s au site ou \u00e0 certaines pages de celui-ci afin de proc\u00e9der \u00e0 des mises \u00e0 jours, des modifications de son contenu ou toute autre action jug\u00e9e n\u00e9cessaire au bon fonctionnement du site.<\/p>\n<p>La connexion et la navigation sur le site valent acceptation sans r\u00e9serve des pr\u00e9sentes Conditions G\u00e9n\u00e9rales d\u2019Utilisation, quelques soient les moyens techniques d\u2019acc\u00e8s et les terminaux utilis\u00e9s.<\/p>\n<p>Les pr\u00e9sentes CGU s\u2019appliquent, en tant que de besoin, \u00e0 toute d\u00e9clinaison ou extension du site sur les r\u00e9seaux sociaux et\/ou communautaires existants ou \u00e0 venir.<\/p>\n<h4><strong>ARTICLE 5. GESTION DU SITE<\/strong><\/h4>\n<p>Pour la bonne gestion du site, l\u2019\u00e9diteur pourra \u00e0 tout moment :<\/p>\n<ul>\n<li>Suspendre, interrompre ou limiter l\u2019acc\u00e8s \u00e0 tout ou partie du site, r\u00e9server l\u2019acc\u00e8s au site, ou \u00e0 certaines parties du site, \u00e0 une cat\u00e9gorie d\u00e9termin\u00e9e d\u2019internaute\u2009;<\/li>\n<li>Supprimer toute information pouvant en perturber le fonctionnement ou entrant en contravention avec les lois nationales ou internationales, ou avec les r\u00e8gles de la N\u00e9tiquette\u2009;<\/li>\n<li>Suspendre le site afin de proc\u00e9der \u00e0 des mises \u00e0 jour.<\/li>\n<\/ul>\n<h4><strong>ARTICLE 6. RESPONSABILIT\u00c9S<\/strong><\/h4>\n<p>L\u2019\u00e9diteur n\u2019est responsable que du contenu qu\u2019il a lui-m\u00eame \u00e9dit\u00e9.<\/p>\n<p>L\u2019\u00e9diteur n\u2019est pas responsable :<\/p>\n<ul>\n<li>En cas de probl\u00e9matiques ou d\u00e9faillances techniques, informatiques ou de compatibilit\u00e9 du site avec un mat\u00e9riel ou logiciel quel qu\u2019il soit\u2009;<\/li>\n<li>Des dommages directs ou indirects, mat\u00e9riels ou immat\u00e9riels, pr\u00e9visibles ou impr\u00e9visibles r\u00e9sultant de l\u2019utilisation ou des difficult\u00e9s d\u2019utilisation du site ou de ses services\u2009;<\/li>\n<li>Des caract\u00e9ristiques intrins\u00e8ques de l\u2019Internet, notamment celles relatives au manque de fiabilit\u00e9 et au d\u00e9faut de s\u00e9curisation des informations y circulant\u2009;<\/li>\n<li>Des contenus ou activit\u00e9s illicites utilisant son site, et ce, sans qu\u2019il en ait pris d\u00fbment connaissance au sens de la Loi n\u00b0 2004-575 du 21 juin 2004 pour la confiance dans l\u2019\u00e9conomie num\u00e9rique et la Loi n\u00b0 2004-801 du 6 ao\u00fbt 2004 relative \u00e0 la protection des personnes physiques \u00e0 l\u2019\u00e9gard de traitement de donn\u00e9es \u00e0 caract\u00e8re personnel.<\/li>\n<\/ul>\n<p>Par ailleurs, le site ne saurait garantir l\u2019exactitude, la compl\u00e9tude, et l\u2019actualit\u00e9 des informations qui y sont diffus\u00e9es.<\/p>\n<p>L\u2019utilisateur est responsable :<\/p>\n<ul>\n<li>De la protection de son mat\u00e9riel et de ses donn\u00e9es\u2009;<\/li>\n<li>De l\u2019utilisation qu\u2019il fait du site ou de ses services\u2009;<\/li>\n<li>S\u2019il ne respecte ni la lettre ni l\u2019esprit des pr\u00e9sentes CGU.<\/li>\n<\/ul>\n<h4><strong>ARTICLE 7. LIENS HYPERTEXTES<\/strong><\/h4>\n<p>Le site peut contenir des liens hypertextes pointant vers d\u2019autres sites internet sur lesquels le site n\u2019exerce pas de contr\u00f4le. Malgr\u00e9 les v\u00e9rifications pr\u00e9alables et r\u00e9guli\u00e8res r\u00e9alis\u00e9es par l\u2019\u00e9diteur, celui-ci d\u00e9cline toute responsabilit\u00e9 quant aux contenus qu\u2019il est possible de trouver sur ces sites.<\/p>\n<p>L\u2019\u00e9diteur autorise la mise en place de liens hypertextes vers toute page ou document de son site sous r\u00e9serve que la mise en place de ces liens ne soit pas r\u00e9alis\u00e9e \u00e0 des fins commerciales ou publicitaires.<\/p>\n<p>En outre, l\u2019information pr\u00e9alable de l\u2019\u00e9diteur du site est n\u00e9cessaire avant toute mise en place de lien hypertexte.<\/p>\n<p>Sont exclus de cette autorisation les sites diffusant des informations \u00e0 caract\u00e8re illicite, violent, pol\u00e9mique, pornographique, x\u00e9nophobe ou pouvant porter atteinte \u00e0 la sensibilit\u00e9 du plus grand nombre.<\/p>\n<p>Enfin, le site se r\u00e9serve le droit de faire supprimer \u00e0 tout moment un lien hypertexte pointant vers son site, si le site l\u2019estime non conforme \u00e0 sa politique \u00e9ditoriale.<\/p>\n<h4><strong>ARTICLE 8. CONFIDENTIALIT\u00c9<\/strong><\/h4>\n<p>En plus des pr\u00e9sentes Conditions G\u00e9n\u00e9rales, le site dispose d\u2019une politique de confidentialit\u00e9 qui d\u00e9crit la mani\u00e8re dont les donn\u00e9es \u00e0 caract\u00e8re personnel sont trait\u00e9es lorsque l\u2019utilisateur se rend sur le site, ainsi que la mani\u00e8re dont les cookies sont utilis\u00e9s.<\/p>\n<p>En naviguant sur le site, l\u2019utilisateur d\u00e9clare avoir \u00e9galement pris connaissance de la politique de confidentialit\u00e9 susmentionn\u00e9e.<\/p>\n<h4><strong>ARTICLE 9. PROPRI\u00c9T\u00c9 INTELLECTUELLE<\/strong><\/h4>\n<p>La structuration du site, mais aussi les textes, graphiques, images, photographies, sons, vid\u00e9os et applications informatiques qui le composent sont la propri\u00e9t\u00e9 de l\u2019\u00e9diteur et sont prot\u00e9g\u00e9s comme tels par les lois en vigueur au titre de la propri\u00e9t\u00e9 intellectuelle.<\/p>\n<p>Toute repr\u00e9sentation, reproduction, adaptation ou exploitation partielle ou totale des contenus, marques d\u00e9pos\u00e9es et services propos\u00e9s par le site, par quelque proc\u00e9d\u00e9 que ce soit, sans l\u2019autorisation pr\u00e9alable, expresse et \u00e9crite de l\u2019\u00e9diteur, est strictement interdite et serait susceptible de constituer une contrefa\u00e7on au sens des articles L. 335-2 et suivants du Code de la propri\u00e9t\u00e9 intellectuelle. Et ce, \u00e0 l\u2019exception des \u00e9l\u00e9ments express\u00e9ment d\u00e9sign\u00e9s comme libres de droits sur le site.<\/p>\n<p>L\u2019acc\u00e8s au site ne vaut pas reconnaissance d\u2019un droit et, de mani\u00e8re g\u00e9n\u00e9rale, ne conf\u00e8re aucun droit de propri\u00e9t\u00e9 intellectuelle relatif \u00e0 un \u00e9l\u00e9ment du site, lesquels restent la propri\u00e9t\u00e9 exclusive de l\u2019\u00e9diteur.<\/p>\n<p>Il est interdit \u00e0 l\u2019utilisateur d\u2019introduire des donn\u00e9es sur le site qui modifieraient ou qui seraient susceptibles d\u2019en modifier le contenu ou l\u2019apparence.<\/p>\n<h4><strong>ARTICLE 10. LOI APPLICABLE ET JURIDICTION COMP\u00c9TENTE<\/strong><\/h4>\n<p>Les pr\u00e9sentes Conditions G\u00e9n\u00e9rales d\u2019Utilisation sont r\u00e9gies par la loi fran\u00e7aise. En cas de diff\u00e9rend et \u00e0 d\u00e9faut d\u2019accord amiable, le litige sera port\u00e9 devant les tribunaux fran\u00e7ais conform\u00e9ment aux r\u00e8gles de comp\u00e9tence en vigueur.<\/p>\n<p><em>LE SITE vous souhaite une excellente navigation\u2009!<\/em><\/p>\n<\/div><\/div><\/div><\/div><\/div>\n","protected":false},"excerpt":{"rendered":"","protected":false},"author":1,"featured_media":4488,"parent":0,"menu_order":0,"comment_status":"closed","ping_status":"closed","template":"100-width.php","meta":{"footnotes":""},"class_list":["post-4753","page","type-page","status-publish","has-post-thumbnail","hentry"],"yoast_head":"<!-- This site is optimized with the Yoast SEO Premium plugin v26.0 (Yoast SEO v27.5) - https:\/\/yoast.com\/product\/yoast-seo-premium-wordpress\/ -->\n<title>Legal notices - EZDO<\/title>\n<meta name=\"robots\" content=\"index, follow, max-snippet:-1, max-image-preview:large, max-video-preview:-1\" \/>\n<link rel=\"canonical\" href=\"https:\/\/www.ezdo.fr\/en\/mentions-legales-2\/\" \/>\n<meta property=\"og:locale\" content=\"en_US\" \/>\n<meta property=\"og:type\" content=\"article\" \/>\n<meta property=\"og:title\" content=\"Legal notices\" \/>\n<meta property=\"og:url\" content=\"https:\/\/www.ezdo.fr\/en\/mentions-legales-2\/\" \/>\n<meta property=\"og:site_name\" content=\"EZDO\" \/>\n<meta property=\"article:publisher\" content=\"https:\/\/www.facebook.com\/ezdo.fr\" \/>\n<meta property=\"article:modified_time\" content=\"2024-11-27T16:09:42+00:00\" \/>\n<meta property=\"og:image\" content=\"https:\/\/www.ezdo.fr\/wp-content\/uploads\/2024\/10\/vegan-store-image-2.png\" \/>\n\t<meta property=\"og:image:width\" content=\"800\" \/>\n\t<meta property=\"og:image:height\" content=\"600\" \/>\n\t<meta property=\"og:image:type\" content=\"image\/png\" \/>\n<meta name=\"twitter:card\" content=\"summary_large_image\" \/>\n<meta name=\"twitter:label1\" content=\"Est. reading time\" \/>\n\t<meta name=\"twitter:data1\" content=\"7 minutes\" \/>\n<script type=\"application\/ld+json\" class=\"yoast-schema-graph\">{\"@context\":\"https:\\\/\\\/schema.org\",\"@graph\":[{\"@type\":\"WebPage\",\"@id\":\"https:\\\/\\\/www.ezdo.fr\\\/en\\\/mentions-legales-2\\\/\",\"url\":\"https:\\\/\\\/www.ezdo.fr\\\/en\\\/mentions-legales-2\\\/\",\"name\":\"Legal notices - EZDO\",\"isPartOf\":{\"@id\":\"https:\\\/\\\/www.ezdo.fr\\\/en\\\/#website\"},\"primaryImageOfPage\":{\"@id\":\"https:\\\/\\\/www.ezdo.fr\\\/en\\\/mentions-legales-2\\\/#primaryimage\"},\"image\":{\"@id\":\"https:\\\/\\\/www.ezdo.fr\\\/en\\\/mentions-legales-2\\\/#primaryimage\"},\"thumbnailUrl\":\"https:\\\/\\\/www.ezdo.fr\\\/wp-content\\\/uploads\\\/2024\\\/10\\\/vegan-store-image-2.png\",\"datePublished\":\"2024-10-09T16:38:51+00:00\",\"dateModified\":\"2024-11-27T16:09:42+00:00\",\"breadcrumb\":{\"@id\":\"https:\\\/\\\/www.ezdo.fr\\\/en\\\/mentions-legales-2\\\/#breadcrumb\"},\"inLanguage\":\"en-US\",\"potentialAction\":[{\"@type\":\"ReadAction\",\"target\":[\"https:\\\/\\\/www.ezdo.fr\\\/en\\\/mentions-legales-2\\\/\"]}]},{\"@type\":\"ImageObject\",\"inLanguage\":\"en-US\",\"@id\":\"https:\\\/\\\/www.ezdo.fr\\\/en\\\/mentions-legales-2\\\/#primaryimage\",\"url\":\"https:\\\/\\\/www.ezdo.fr\\\/wp-content\\\/uploads\\\/2024\\\/10\\\/vegan-store-image-2.png\",\"contentUrl\":\"https:\\\/\\\/www.ezdo.fr\\\/wp-content\\\/uploads\\\/2024\\\/10\\\/vegan-store-image-2.png\",\"width\":800,\"height\":600},{\"@type\":\"BreadcrumbList\",\"@id\":\"https:\\\/\\\/www.ezdo.fr\\\/en\\\/mentions-legales-2\\\/#breadcrumb\",\"itemListElement\":[{\"@type\":\"ListItem\",\"position\":1,\"name\":\"Accueil\",\"item\":\"https:\\\/\\\/www.ezdo.fr\\\/en\\\/ezdo\\\/\"},{\"@type\":\"ListItem\",\"position\":2,\"name\":\"Legal notices\"}]},{\"@type\":\"WebSite\",\"@id\":\"https:\\\/\\\/www.ezdo.fr\\\/en\\\/#website\",\"url\":\"https:\\\/\\\/www.ezdo.fr\\\/en\\\/\",\"name\":\"EZDO\",\"description\":\"Expert import\\\/export alimentaire international\",\"publisher\":{\"@id\":\"https:\\\/\\\/www.ezdo.fr\\\/en\\\/#organization\"},\"potentialAction\":[{\"@type\":\"SearchAction\",\"target\":{\"@type\":\"EntryPoint\",\"urlTemplate\":\"https:\\\/\\\/www.ezdo.fr\\\/en\\\/?s={search_term_string}\"},\"query-input\":{\"@type\":\"PropertyValueSpecification\",\"valueRequired\":true,\"valueName\":\"search_term_string\"}}],\"inLanguage\":\"en-US\"},{\"@type\":\"Organization\",\"@id\":\"https:\\\/\\\/www.ezdo.fr\\\/en\\\/#organization\",\"name\":\"EZDO\",\"url\":\"https:\\\/\\\/www.ezdo.fr\\\/en\\\/\",\"logo\":{\"@type\":\"ImageObject\",\"inLanguage\":\"en-US\",\"@id\":\"https:\\\/\\\/www.ezdo.fr\\\/en\\\/#\\\/schema\\\/logo\\\/image\\\/\",\"url\":\"https:\\\/\\\/www.ezdo.fr\\\/wp-content\\\/uploads\\\/2024\\\/10\\\/Logo_EZDO_450.png\",\"contentUrl\":\"https:\\\/\\\/www.ezdo.fr\\\/wp-content\\\/uploads\\\/2024\\\/10\\\/Logo_EZDO_450.png\",\"width\":450,\"height\":457,\"caption\":\"EZDO\"},\"image\":{\"@id\":\"https:\\\/\\\/www.ezdo.fr\\\/en\\\/#\\\/schema\\\/logo\\\/image\\\/\"},\"sameAs\":[\"https:\\\/\\\/www.facebook.com\\\/ezdo.fr\",\"https:\\\/\\\/www.instagram.com\\\/ezdo.sas\\\/\",\"https:\\\/\\\/www.linkedin.com\\\/company\\\/ezdo\\\/posts\\\/?feedView=all\",\"https:\\\/\\\/www.youtube.com\\\/@ezdo8882\"]}]}<\/script>\n<!-- \/ Yoast SEO Premium plugin. -->","yoast_head_json":{"title":"Legal notices - EZDO","robots":{"index":"index","follow":"follow","max-snippet":"max-snippet:-1","max-image-preview":"max-image-preview:large","max-video-preview":"max-video-preview:-1"},"canonical":"https:\/\/www.ezdo.fr\/en\/mentions-legales-2\/","og_locale":"en_US","og_type":"article","og_title":"Legal notices","og_url":"https:\/\/www.ezdo.fr\/en\/mentions-legales-2\/","og_site_name":"EZDO","article_publisher":"https:\/\/www.facebook.com\/ezdo.fr","article_modified_time":"2024-11-27T16:09:42+00:00","og_image":[{"width":800,"height":600,"url":"https:\/\/www.ezdo.fr\/wp-content\/uploads\/2024\/10\/vegan-store-image-2.png","type":"image\/png"}],"twitter_card":"summary_large_image","twitter_misc":{"Est. reading time":"7 minutes"},"schema":{"@context":"https:\/\/schema.org","@graph":[{"@type":"WebPage","@id":"https:\/\/www.ezdo.fr\/en\/mentions-legales-2\/","url":"https:\/\/www.ezdo.fr\/en\/mentions-legales-2\/","name":"Legal notices - EZDO","isPartOf":{"@id":"https:\/\/www.ezdo.fr\/en\/#website"},"primaryImageOfPage":{"@id":"https:\/\/www.ezdo.fr\/en\/mentions-legales-2\/#primaryimage"},"image":{"@id":"https:\/\/www.ezdo.fr\/en\/mentions-legales-2\/#primaryimage"},"thumbnailUrl":"https:\/\/www.ezdo.fr\/wp-content\/uploads\/2024\/10\/vegan-store-image-2.png","datePublished":"2024-10-09T16:38:51+00:00","dateModified":"2024-11-27T16:09:42+00:00","breadcrumb":{"@id":"https:\/\/www.ezdo.fr\/en\/mentions-legales-2\/#breadcrumb"},"inLanguage":"en-US","potentialAction":[{"@type":"ReadAction","target":["https:\/\/www.ezdo.fr\/en\/mentions-legales-2\/"]}]},{"@type":"ImageObject","inLanguage":"en-US","@id":"https:\/\/www.ezdo.fr\/en\/mentions-legales-2\/#primaryimage","url":"https:\/\/www.ezdo.fr\/wp-content\/uploads\/2024\/10\/vegan-store-image-2.png","contentUrl":"https:\/\/www.ezdo.fr\/wp-content\/uploads\/2024\/10\/vegan-store-image-2.png","width":800,"height":600},{"@type":"BreadcrumbList","@id":"https:\/\/www.ezdo.fr\/en\/mentions-legales-2\/#breadcrumb","itemListElement":[{"@type":"ListItem","position":1,"name":"Accueil","item":"https:\/\/www.ezdo.fr\/en\/ezdo\/"},{"@type":"ListItem","position":2,"name":"Legal notices"}]},{"@type":"WebSite","@id":"https:\/\/www.ezdo.fr\/en\/#website","url":"https:\/\/www.ezdo.fr\/en\/","name":"EZDO","description":"Expert import\/export alimentaire international","publisher":{"@id":"https:\/\/www.ezdo.fr\/en\/#organization"},"potentialAction":[{"@type":"SearchAction","target":{"@type":"EntryPoint","urlTemplate":"https:\/\/www.ezdo.fr\/en\/?s={search_term_string}"},"query-input":{"@type":"PropertyValueSpecification","valueRequired":true,"valueName":"search_term_string"}}],"inLanguage":"en-US"},{"@type":"Organization","@id":"https:\/\/www.ezdo.fr\/en\/#organization","name":"EZDO","url":"https:\/\/www.ezdo.fr\/en\/","logo":{"@type":"ImageObject","inLanguage":"en-US","@id":"https:\/\/www.ezdo.fr\/en\/#\/schema\/logo\/image\/","url":"https:\/\/www.ezdo.fr\/wp-content\/uploads\/2024\/10\/Logo_EZDO_450.png","contentUrl":"https:\/\/www.ezdo.fr\/wp-content\/uploads\/2024\/10\/Logo_EZDO_450.png","width":450,"height":457,"caption":"EZDO"},"image":{"@id":"https:\/\/www.ezdo.fr\/en\/#\/schema\/logo\/image\/"},"sameAs":["https:\/\/www.facebook.com\/ezdo.fr","https:\/\/www.instagram.com\/ezdo.sas\/","https:\/\/www.linkedin.com\/company\/ezdo\/posts\/?feedView=all","https:\/\/www.youtube.com\/@ezdo8882"]}]}},"_links":{"self":[{"href":"https:\/\/www.ezdo.fr\/en\/wp-json\/wp\/v2\/pages\/4753","targetHints":{"allow":["GET"]}}],"collection":[{"href":"https:\/\/www.ezdo.fr\/en\/wp-json\/wp\/v2\/pages"}],"about":[{"href":"https:\/\/www.ezdo.fr\/en\/wp-json\/wp\/v2\/types\/page"}],"author":[{"embeddable":true,"href":"https:\/\/www.ezdo.fr\/en\/wp-json\/wp\/v2\/users\/1"}],"replies":[{"embeddable":true,"href":"https:\/\/www.ezdo.fr\/en\/wp-json\/wp\/v2\/comments?post=4753"}],"version-history":[{"count":4,"href":"https:\/\/www.ezdo.fr\/en\/wp-json\/wp\/v2\/pages\/4753\/revisions"}],"predecessor-version":[{"id":4774,"href":"https:\/\/www.ezdo.fr\/en\/wp-json\/wp\/v2\/pages\/4753\/revisions\/4774"}],"wp:featuredmedia":[{"embeddable":true,"href":"https:\/\/www.ezdo.fr\/en\/wp-json\/wp\/v2\/media\/4488"}],"wp:attachment":[{"href":"https:\/\/www.ezdo.fr\/en\/wp-json\/wp\/v2\/media?parent=4753"}],"curies":[{"name":"wp","href":"https:\/\/api.w.org\/{rel}","templated":true}]}}